{"id":602,"date":"2020-01-23T07:58:30","date_gmt":"2020-01-23T07:58:30","guid":{"rendered":"https:\/\/www.taccaravaning.com\/?page_id=602"},"modified":"2020-02-18T22:25:06","modified_gmt":"2020-02-18T22:25:06","slug":"taller-de-autocaravanas","status":"publish","type":"page","link":"https:\/\/www.taccaravaning.com\/es\/taller-de-autocaravanas\/","title":{"rendered":"Taller de autocaravanas"},"content":{"rendered":"<p><div class=\"fusion-fullwidth fullwidth-box fusion-builder-row-1 hundred-percent-fullwidth non-hundred-percent-height-scrolling fusion-equal-height-columns\" style=\"--awb-border-radius-top-left:0px;--awb-border-radius-top-right:0px;--awb-border-radius-bottom-right:0px;--awb-border-radius-bottom-left:0px;--awb-padding-right:10%;--awb-padding-left:10%;--awb-flex-wrap:wrap;\" ><div class=\"fusion-builder-row fusion-row\"><div class=\"fusion-layout-column fusion_builder_column fusion-builder-column-0 fusion_builder_column_1_1 1_1 fusion-one-full fusion-column-first fusion-column-last fusion-column-no-min-height fusion-animated\" style=\"--awb-bg-size:cover;\" data-animationType=\"fadeIn\" data-animationDuration=\"1.0\" data-animationOffset=\"top-into-view\"><div class=\"fusion-column-wrapper fusion-column-has-shadow fusion-flex-column-wrapper-legacy\"><div class=\"fusion-title title fusion-title-1 fusion-sep-none fusion-title-center fusion-title-text fusion-title-size-two\"><h2 class=\"fusion-title-heading title-heading-center\" style=\"margin:0;\">Taller de autocaravanas y caravanas multimarca<\/h2><\/div><div class=\"fusion-clearfix\"><\/div><\/div><\/div><div class=\"fusion-layout-column fusion_builder_column fusion-builder-column-1 fusion_builder_column_1_2 1_2 fusion-one-half fusion-column-first fusion-animated\" style=\"--awb-bg-size:cover;width:50%;width:calc(50% - ( ( 4% ) * 0.5 ) );margin-right: 4%;\" data-animationType=\"fadeIn\" data-animationDuration=\"1.0\" data-animationOffset=\"top-into-view\"><div class=\"fusion-column-wrapper fusion-column-has-shadow fusion-flex-column-wrapper-legacy\"><div class=\"fusion-column-content-centered\"><div class=\"fusion-column-content\"><div class=\"fusion-text fusion-text-1\"><div style=\"text-align: justify;\">\n<p>Adem\u00e1s de ofrecer servicio de <a href=\"https:\/\/www.taccaravaning.com\/reparacion-de-autocaravanas\/\"><strong>reparaci\u00f3n de autocaravanas, caravanas y campers<\/strong><\/a> tambi\u00e9n hacemos revisiones muy completas para garantizar la seguridad, comodidad y legalidad de su veh\u00edculo.<\/p>\n<p>Para poder viajar con tranquilidad y seguridad es necesario que el veh\u00edculo est\u00e9 en perfectas condiciones, y para eso en nuestro <strong>taller de autocaravanas<\/strong> te lo ponemos a punto.<\/p>\n<p>Entre los servicios de <strong>revisi\u00f3n de autocaravanas y caravanas<\/strong> se encuentra la revisi\u00f3n pre-ITV y preparaci\u00f3n para la ITV, revisi\u00f3n y cambio de neum\u00e1ticos, montaje de enganches Split, legalizaci\u00f3n de veh\u00edculos y legalizaci\u00f3n de instalaciones. Revisi\u00f3n de instalaciones de gas y gesti\u00f3n de p\u00f3lizas y legalizaci\u00f3n de bombonas de gas butano, propano y GLP. Tambi\u00e9n montamos y legalizamos instalaciones de gas GLP.<\/p>\n<p>Adem\u00e1s revisamos y reparamos sistemas de carga de bater\u00edas, separadores de carga y rel\u00e9s de carga.<\/p>\n<p>Si sabes o crees que tu caravana o autocaravana necesita una revisi\u00f3n, en nuestro <strong>taller de autocaravanas<\/strong> podemos ayudarte a encontrar la soluci\u00f3n.<\/p>\n<\/div>\n<\/div><\/div><\/div><div class=\"fusion-clearfix\"><\/div><\/div><\/div><div class=\"fusion-layout-column fusion_builder_column fusion-builder-column-2 fusion_builder_column_1_2 1_2 fusion-one-half fusion-column-last fusion-animated\" style=\"--awb-bg-size:cover;width:50%;width:calc(50% - ( ( 4% ) * 0.5 ) );\" data-animationType=\"fadeIn\" data-animationDuration=\"1.0\" data-animationOffset=\"top-into-view\"><div class=\"fusion-column-wrapper fusion-column-has-shadow fusion-flex-column-wrapper-legacy\"><div class=\"fusion-column-content-centered\"><div class=\"fusion-column-content\"><div class=\"fusion-image-element fusion-image-align-center in-legacy-container\" style=\"text-align:center;--awb-max-width:70%;--awb-caption-title-font-family:var(--h2_typography-font-family);--awb-caption-title-font-weight:var(--h2_typography-font-weight);--awb-caption-title-font-style:var(--h2_typography-font-style);--awb-caption-title-size:var(--h2_typography-font-size);--awb-caption-title-transform:var(--h2_typography-text-transform);--awb-caption-title-line-height:var(--h2_typography-line-height);--awb-caption-title-letter-spacing:var(--h2_typography-letter-spacing);\"><div class=\"imageframe-align-center\"><span class=\" fusion-imageframe imageframe-none imageframe-1 hover-type-none\"><img decoding=\"async\" width=\"750\" height=\"561\" alt=\"Taller de autocaravanas\" title=\"Taller de autocaravanas\" src=\"https:\/\/www.taccaravaning.com\/wp-content\/uploads\/2020\/01\/taller-de-autocaravanas-1.jpg\" class=\"img-responsive wp-image-809\" srcset=\"https:\/\/www.taccaravaning.com\/wp-content\/uploads\/2020\/01\/taller-de-autocaravanas-1-200x150.jpg 200w, https:\/\/www.taccaravaning.com\/wp-content\/uploads\/2020\/01\/taller-de-autocaravanas-1-400x299.jpg 400w, https:\/\/www.taccaravaning.com\/wp-content\/uploads\/2020\/01\/taller-de-autocaravanas-1-600x449.jpg 600w, https:\/\/www.taccaravaning.com\/wp-content\/uploads\/2020\/01\/taller-de-autocaravanas-1.jpg 750w\" sizes=\"(max-width: 800px) 100vw, 750px\" \/><\/span><\/div><\/div><\/div><\/div><div class=\"fusion-clearfix\"><\/div><\/div><\/div><\/div><\/div><div class=\"fusion-fullwidth fullwidth-box fusion-builder-row-2 hundred-percent-fullwidth non-hundred-percent-height-scrolling\" style=\"--awb-border-radius-top-left:0px;--awb-border-radius-top-right:0px;--awb-border-radius-bottom-right:0px;--awb-border-radius-bottom-left:0px;--awb-padding-right:10%;--awb-padding-left:10%;--awb-flex-wrap:wrap;\" ><div class=\"fusion-builder-row fusion-row\"><div class=\"fusion-layout-column fusion_builder_column fusion-builder-column-3 fusion_builder_column_1_1 1_1 fusion-one-full fusion-column-first fusion-column-last fusion-column-no-min-height fusion-animated\" style=\"--awb-bg-size:cover;\" data-animationType=\"fadeIn\" data-animationDuration=\"1.0\" data-animationOffset=\"top-into-view\"><div class=\"fusion-column-wrapper fusion-column-has-shadow fusion-flex-column-wrapper-legacy\"><div class=\"fusion-title title fusion-title-2 fusion-sep-none fusion-title-center fusion-title-text fusion-title-size-two\" style=\"--awb-margin-top:31px;\"><h2 class=\"fusion-title-heading title-heading-center\" style=\"margin:0;\">Trabajos de taller<\/h2><\/div><div class=\"fusion-content-boxes content-boxes columns row fusion-columns-3 fusion-columns-total-10 fusion-content-boxes-1 content-boxes-icon-on-side content-left reparacions-list\" style=\"--awb-iconcolor:#8dc63f;--awb-hover-accent-color:#333333;--awb-circle-hover-accent-color:transparent;\" data-animationOffset=\"top-into-view\"><div style=\"--awb-backgroundcolor:rgba(255,255,255,0);--awb-iconcolor:#8dc63f;--awb-content-padding-left:41px;\" class=\"fusion-column content-box-column content-box-column content-box-column-1 col-lg-4 col-md-4 col-sm-4 fusion-content-box-hover content-box-column-first-in-row\"><div class=\"col content-box-wrapper content-wrapper link-area-link-icon icon-hover-animation-none\" data-animationOffset=\"top-into-view\"><div class=\"heading heading-with-icon icon-left\"><div class=\"icon\"><i style=\"background-color:transparent;border-color:transparent;height:auto;width: 21px;line-height:normal;font-size:21px;\" aria-hidden=\"true\" class=\"fontawesome-icon fa-check fas circle-no\"><\/i><\/div><h3 class=\"content-box-heading\" style=\"--h3_typography-font-size:18px;line-height:23px;padding-left:41px;\">Servicio t\u00e9cnico oficial Webasto<\/h3><\/div><\/div><\/div><div style=\"--awb-backgroundcolor:rgba(255,255,255,0);--awb-iconcolor:#8dc63f;--awb-content-padding-left:41px;\" class=\"fusion-column content-box-column content-box-column content-box-column-2 col-lg-4 col-md-4 col-sm-4 fusion-content-box-hover \"><div class=\"col content-box-wrapper content-wrapper link-area-link-icon icon-hover-animation-none\" data-animationOffset=\"top-into-view\"><div class=\"heading heading-with-icon icon-left\"><div class=\"icon\"><i style=\"background-color:transparent;border-color:transparent;height:auto;width: 21px;line-height:normal;font-size:21px;\" aria-hidden=\"true\" class=\"fontawesome-icon fa-check fas circle-no\"><\/i><\/div><h3 class=\"content-box-heading\" style=\"--h3_typography-font-size:18px;line-height:23px;padding-left:41px;\">Servicio t\u00e9cnico oficial Viesa<\/h3><\/div><\/div><\/div><div style=\"--awb-backgroundcolor:rgba(255,255,255,0);--awb-iconcolor:#8dc63f;--awb-content-padding-left:41px;\" class=\"fusion-column content-box-column content-box-column content-box-column-3 col-lg-4 col-md-4 col-sm-4 fusion-content-box-hover content-box-column-last-in-row\"><div class=\"col content-box-wrapper content-wrapper link-area-link-icon icon-hover-animation-none\" data-animationOffset=\"top-into-view\"><div class=\"heading heading-with-icon icon-left\"><div class=\"icon\"><i style=\"background-color:transparent;border-color:transparent;height:auto;width: 21px;line-height:normal;font-size:21px;\" aria-hidden=\"true\" class=\"fontawesome-icon fa-check fas circle-no\"><\/i><\/div><h3 class=\"content-box-heading\" style=\"--h3_typography-font-size:18px;line-height:23px;padding-left:41px;\">Preparaci\u00f3n para la ITV<\/h3><\/div><\/div><\/div><div style=\"--awb-backgroundcolor:rgba(255,255,255,0);--awb-iconcolor:#8dc63f;--awb-content-padding-left:41px;\" class=\"fusion-column content-box-column content-box-column content-box-column-4 col-lg-4 col-md-4 col-sm-4 fusion-content-box-hover content-box-column-first-in-row\"><div class=\"col content-box-wrapper content-wrapper link-area-link-icon icon-hover-animation-none\" data-animationOffset=\"top-into-view\"><div class=\"heading heading-with-icon icon-left\"><div class=\"icon\"><i style=\"background-color:transparent;border-color:transparent;height:auto;width: 21px;line-height:normal;font-size:21px;\" aria-hidden=\"true\" class=\"fontawesome-icon fa-check fas circle-no\"><\/i><\/div><h3 class=\"content-box-heading\" style=\"--h3_typography-font-size:18px;line-height:23px;padding-left:41px;\">Legalizaci\u00f3n de veh\u00edculos e instalaciones<\/h3><\/div><\/div><\/div><div style=\"--awb-backgroundcolor:rgba(255,255,255,0);--awb-iconcolor:#8dc63f;--awb-content-padding-left:41px;\" class=\"fusion-column content-box-column content-box-column content-box-column-5 col-lg-4 col-md-4 col-sm-4 fusion-content-box-hover \"><div class=\"col content-box-wrapper content-wrapper link-area-link-icon icon-hover-animation-none\" data-animationOffset=\"top-into-view\"><div class=\"heading heading-with-icon icon-left\"><div class=\"icon\"><i style=\"background-color:transparent;border-color:transparent;height:auto;width: 21px;line-height:normal;font-size:21px;\" aria-hidden=\"true\" class=\"fontawesome-icon fa-check fas circle-no\"><\/i><\/div><h3 class=\"content-box-heading\" style=\"--h3_typography-font-size:18px;line-height:23px;padding-left:41px;\">Montaje y legalizaci\u00f3n de instalaciones de gas GLP<\/h3><\/div><\/div><\/div><div style=\"--awb-backgroundcolor:rgba(255,255,255,0);--awb-iconcolor:#8dc63f;--awb-content-padding-left:41px;\" class=\"fusion-column content-box-column content-box-column content-box-column-6 col-lg-4 col-md-4 col-sm-4 fusion-content-box-hover content-box-column-last-in-row\"><div class=\"col content-box-wrapper content-wrapper link-area-link-icon icon-hover-animation-none\" data-animationOffset=\"top-into-view\"><div class=\"heading heading-with-icon icon-left\"><div class=\"icon\"><i style=\"background-color:transparent;border-color:transparent;height:auto;width: 21px;line-height:normal;font-size:21px;\" aria-hidden=\"true\" class=\"fontawesome-icon fa-check fas circle-no\"><\/i><\/div><h3 class=\"content-box-heading\" style=\"--h3_typography-font-size:18px;line-height:23px;padding-left:41px;\">Revisi\u00f3n de neum\u00e1ticos<\/h3><\/div><\/div><\/div><div style=\"--awb-backgroundcolor:rgba(255,255,255,0);--awb-iconcolor:#8dc63f;--awb-content-padding-left:41px;\" class=\"fusion-column content-box-column content-box-column content-box-column-7 col-lg-4 col-md-4 col-sm-4 fusion-content-box-hover content-box-column-first-in-row\"><div class=\"col content-box-wrapper content-wrapper link-area-link-icon icon-hover-animation-none\" data-animationOffset=\"top-into-view\"><div class=\"heading heading-with-icon icon-left\"><div class=\"icon\"><i style=\"background-color:transparent;border-color:transparent;height:auto;width: 21px;line-height:normal;font-size:21px;\" aria-hidden=\"true\" class=\"fontawesome-icon fa-check fas circle-no\"><\/i><\/div><h3 class=\"content-box-heading\" style=\"--h3_typography-font-size:18px;line-height:23px;padding-left:41px;\">Revisi\u00f3n de la iluminaci\u00f3n<\/h3><\/div><\/div><\/div><div style=\"--awb-backgroundcolor:rgba(255,255,255,0);--awb-iconcolor:#8dc63f;--awb-content-padding-left:41px;\" class=\"fusion-column content-box-column content-box-column content-box-column-8 col-lg-4 col-md-4 col-sm-4 fusion-content-box-hover \"><div class=\"col content-box-wrapper content-wrapper link-area-link-icon icon-hover-animation-none\" data-animationOffset=\"top-into-view\"><div class=\"heading heading-with-icon icon-left\"><div class=\"icon\"><i style=\"background-color:transparent;border-color:transparent;height:auto;width: 21px;line-height:normal;font-size:21px;\" aria-hidden=\"true\" class=\"fontawesome-icon fa-check fas circle-no\"><\/i><\/div><h3 class=\"content-box-heading\" style=\"--h3_typography-font-size:18px;line-height:23px;padding-left:41px;\">Revisi\u00f3n de frenos<\/h3><\/div><\/div><\/div><div style=\"--awb-backgroundcolor:rgba(255,255,255,0);--awb-iconcolor:#8dc63f;--awb-content-padding-left:41px;\" class=\"fusion-column content-box-column content-box-column content-box-column-9 col-lg-4 col-md-4 col-sm-4 fusion-content-box-hover content-box-column-last-in-row\"><div class=\"col content-box-wrapper content-wrapper link-area-link-icon icon-hover-animation-none\" data-animationOffset=\"top-into-view\"><div class=\"heading heading-with-icon icon-left\"><div class=\"icon\"><i style=\"background-color:transparent;border-color:transparent;height:auto;width: 21px;line-height:normal;font-size:21px;\" aria-hidden=\"true\" class=\"fontawesome-icon fa-check fas circle-no\"><\/i><\/div><h3 class=\"content-box-heading\" style=\"--h3_typography-font-size:18px;line-height:23px;padding-left:41px;\">Revisi\u00f3n de motor<\/h3><\/div><\/div><\/div><div style=\"--awb-backgroundcolor:rgba(255,255,255,0);--awb-iconcolor:#8dc63f;--awb-content-padding-left:41px;\" class=\"fusion-column content-box-column content-box-column content-box-column-10 col-lg-4 col-md-4 col-sm-4 fusion-content-box-hover content-box-column-first-in-row content-box-column-last\"><div class=\"col content-box-wrapper content-wrapper link-area-link-icon icon-hover-animation-none\" data-animationOffset=\"top-into-view\"><div class=\"heading heading-with-icon icon-left\"><div class=\"icon\"><i style=\"background-color:transparent;border-color:transparent;height:auto;width: 21px;line-height:normal;font-size:21px;\" aria-hidden=\"true\" class=\"fontawesome-icon fa-check fas circle-no\"><\/i><\/div><h3 class=\"content-box-heading\" style=\"--h3_typography-font-size:18px;line-height:23px;padding-left:41px;\">Revisi\u00f3n de gas y gesti\u00f3n de p\u00f3lizas y legalizaci\u00f3n de bombonas de gas butano, propano y GLP<\/h3><\/div><\/div><\/div><div class=\"fusion-clearfix\"><\/div><\/div><div class=\"fusion-clearfix\"><\/div><\/div><\/div><\/div><\/div><div class=\"fusion-fullwidth fullwidth-box fusion-builder-row-3 hundred-percent-fullwidth non-hundred-percent-height-scrolling fusion-equal-height-columns\" style=\"--awb-border-radius-top-left:0px;--awb-border-radius-top-right:0px;--awb-border-radius-bottom-right:0px;--awb-border-radius-bottom-left:0px;--awb-padding-top:50px;--awb-padding-right:10%;--awb-padding-bottom:50px;--awb-padding-left:10%;--awb-background-color:rgba(141,198,63,0.7);--awb-flex-wrap:wrap;\" ><div class=\"fusion-builder-row fusion-row\"><div class=\"fusion-layout-column fusion_builder_column fusion-builder-column-4 fusion_builder_column_1_2 1_2 fusion-one-half fusion-column-first fusion-animated\" style=\"--awb-bg-size:cover;--awb-margin-bottom:0px;width:50%;width:calc(50% - ( ( 4% ) * 0.5 ) );margin-right: 4%;\" data-animationType=\"fadeIn\" data-animationDuration=\"1.0\" data-animationOffset=\"top-into-view\"><div class=\"fusion-column-wrapper fusion-column-has-shadow fusion-flex-column-wrapper-legacy\"><div class=\"fusion-column-content-centered\"><div class=\"fusion-column-content\"><div class=\"fusion-title title fusion-title-3 fusion-sep-none fusion-title-center fusion-title-text fusion-title-size-three\" style=\"--awb-margin-bottom:0px;--awb-margin-bottom-small:0px;\"><h3 class=\"fusion-title-heading title-heading-center\" style=\"margin:0;\"><strong>TALLER DE AUTOCARAVANAS<\/strong><\/h3><\/div><\/div><\/div><div class=\"fusion-clearfix\"><\/div><\/div><\/div><div class=\"fusion-layout-column fusion_builder_column fusion-builder-column-5 fusion_builder_column_1_2 1_2 fusion-one-half fusion-column-last fusion-animated\" style=\"--awb-bg-size:cover;--awb-margin-bottom:0px;width:50%;width:calc(50% - ( ( 4% ) * 0.5 ) );\" data-animationType=\"fadeIn\" data-animationDuration=\"1.0\" data-animationOffset=\"top-into-view\"><div class=\"fusion-column-wrapper fusion-column-has-shadow fusion-flex-column-wrapper-legacy\"><div class=\"fusion-column-content-centered\"><div class=\"fusion-column-content\"><div class=\"fusion-aligncenter\"><a class=\"fusion-button button-flat fusion-button-default-size button-default fusion-button-default button-1 fusion-button-default-span fusion-button-default-type btn-home-contactar\" target=\"_self\" href=\"https:\/\/www.taccaravaning.com\/contacto\/\"><span class=\"fusion-button-text\">Contactar ahora<\/span><i class=\"fa-phone-alt fas button-icon-right\" aria-hidden=\"true\"><\/i><\/a><\/div><\/div><\/div><div class=\"fusion-clearfix\"><\/div><\/div><\/div><\/div><\/div><\/p>\n","protected":false},"excerpt":{"rendered":"","protected":false},"author":1,"featured_media":0,"parent":0,"menu_order":0,"comment_status":"closed","ping_status":"closed","template":"100-width.php","meta":{"footnotes":""},"yoast_head":"<!-- This site is optimized with the Yoast SEO plugin v22.9 - https:\/\/yoast.com\/wordpress\/plugins\/seo\/ -->\n<title>Taller de autocaravanas - TAC Caravaning - Taller multimarca<\/title>\n<meta name=\"description\" content=\"Para viajar con seguridad es necesario que el veh\u00edculo est\u00e9 en perfectas condiciones y con nuestro taller de autocaravanas lo hacemos posible.\" \/>\n<meta name=\"robots\" content=\"index, follow, max-snippet:-1, max-image-preview:large, max-video-preview:-1\" \/>\n<link rel=\"canonical\" href=\"https:\/\/www.taccaravaning.com\/es\/taller-de-autocaravanas\/\" \/>\n<meta property=\"og:locale\" content=\"es_ES\" \/>\n<meta property=\"og:type\" content=\"article\" \/>\n<meta property=\"og:title\" content=\"Taller de autocaravanas - TAC Caravaning - Taller multimarca\" \/>\n<meta property=\"og:description\" content=\"Para viajar con seguridad es necesario que el veh\u00edculo est\u00e9 en perfectas condiciones y con nuestro taller de autocaravanas lo hacemos posible.\" \/>\n<meta property=\"og:url\" content=\"https:\/\/www.taccaravaning.com\/es\/taller-de-autocaravanas\/\" \/>\n<meta property=\"og:site_name\" content=\"TAC Caravaning\" \/>\n<meta property=\"article:modified_time\" content=\"2020-02-18T22:25:06+00:00\" \/>\n<meta name=\"twitter:card\" content=\"summary_large_image\" \/>\n<meta name=\"twitter:label1\" content=\"Tiempo de lectura\" \/>\n\t<meta name=\"twitter:data1\" content=\"14 minutos\" \/>\n<script type=\"application\/ld+json\" class=\"yoast-schema-graph\">{\"@context\":\"https:\/\/schema.org\",\"@graph\":[{\"@type\":\"WebPage\",\"@id\":\"https:\/\/www.taccaravaning.com\/es\/taller-de-autocaravanas\/\",\"url\":\"https:\/\/www.taccaravaning.com\/es\/taller-de-autocaravanas\/\",\"name\":\"Taller de autocaravanas - TAC Caravaning - Taller multimarca\",\"isPartOf\":{\"@id\":\"https:\/\/www.taccaravaning.com\/#website\"},\"datePublished\":\"2020-01-23T07:58:30+00:00\",\"dateModified\":\"2020-02-18T22:25:06+00:00\",\"description\":\"Para viajar con seguridad es necesario que el veh\u00edculo est\u00e9 en perfectas condiciones y con nuestro taller de autocaravanas lo hacemos posible.\",\"breadcrumb\":{\"@id\":\"https:\/\/www.taccaravaning.com\/es\/taller-de-autocaravanas\/#breadcrumb\"},\"inLanguage\":\"es\",\"potentialAction\":[{\"@type\":\"ReadAction\",\"target\":[\"https:\/\/www.taccaravaning.com\/es\/taller-de-autocaravanas\/\"]}]},{\"@type\":\"BreadcrumbList\",\"@id\":\"https:\/\/www.taccaravaning.com\/es\/taller-de-autocaravanas\/#breadcrumb\",\"itemListElement\":[{\"@type\":\"ListItem\",\"position\":1,\"name\":\"Portada\",\"item\":\"https:\/\/www.taccaravaning.com\/es\/\"},{\"@type\":\"ListItem\",\"position\":2,\"name\":\"Taller de autocaravanas\"}]},{\"@type\":\"WebSite\",\"@id\":\"https:\/\/www.taccaravaning.com\/#website\",\"url\":\"https:\/\/www.taccaravaning.com\/\",\"name\":\"TAC Caravaning\",\"description\":\"Otro sitio realizado con WordPress\",\"potentialAction\":[{\"@type\":\"SearchAction\",\"target\":{\"@type\":\"EntryPoint\",\"urlTemplate\":\"https:\/\/www.taccaravaning.com\/?s={search_term_string}\"},\"query-input\":\"required name=search_term_string\"}],\"inLanguage\":\"es\"}]}<\/script>\n<!-- \/ Yoast SEO plugin. -->","yoast_head_json":{"title":"Taller de autocaravanas - TAC Caravaning - Taller multimarca","description":"Para viajar con seguridad es necesario que el veh\u00edculo est\u00e9 en perfectas condiciones y con nuestro taller de autocaravanas lo hacemos posible.","robots":{"index":"index","follow":"follow","max-snippet":"max-snippet:-1","max-image-preview":"max-image-preview:large","max-video-preview":"max-video-preview:-1"},"canonical":"https:\/\/www.taccaravaning.com\/es\/taller-de-autocaravanas\/","og_locale":"es_ES","og_type":"article","og_title":"Taller de autocaravanas - TAC Caravaning - Taller multimarca","og_description":"Para viajar con seguridad es necesario que el veh\u00edculo est\u00e9 en perfectas condiciones y con nuestro taller de autocaravanas lo hacemos posible.","og_url":"https:\/\/www.taccaravaning.com\/es\/taller-de-autocaravanas\/","og_site_name":"TAC Caravaning","article_modified_time":"2020-02-18T22:25:06+00:00","twitter_card":"summary_large_image","twitter_misc":{"Tiempo de lectura":"14 minutos"},"schema":{"@context":"https:\/\/schema.org","@graph":[{"@type":"WebPage","@id":"https:\/\/www.taccaravaning.com\/es\/taller-de-autocaravanas\/","url":"https:\/\/www.taccaravaning.com\/es\/taller-de-autocaravanas\/","name":"Taller de autocaravanas - TAC Caravaning - Taller multimarca","isPartOf":{"@id":"https:\/\/www.taccaravaning.com\/#website"},"datePublished":"2020-01-23T07:58:30+00:00","dateModified":"2020-02-18T22:25:06+00:00","description":"Para viajar con seguridad es necesario que el veh\u00edculo est\u00e9 en perfectas condiciones y con nuestro taller de autocaravanas lo hacemos posible.","breadcrumb":{"@id":"https:\/\/www.taccaravaning.com\/es\/taller-de-autocaravanas\/#breadcrumb"},"inLanguage":"es","potentialAction":[{"@type":"ReadAction","target":["https:\/\/www.taccaravaning.com\/es\/taller-de-autocaravanas\/"]}]},{"@type":"BreadcrumbList","@id":"https:\/\/www.taccaravaning.com\/es\/taller-de-autocaravanas\/#breadcrumb","itemListElement":[{"@type":"ListItem","position":1,"name":"Portada","item":"https:\/\/www.taccaravaning.com\/es\/"},{"@type":"ListItem","position":2,"name":"Taller de autocaravanas"}]},{"@type":"WebSite","@id":"https:\/\/www.taccaravaning.com\/#website","url":"https:\/\/www.taccaravaning.com\/","name":"TAC Caravaning","description":"Otro sitio realizado con WordPress","potentialAction":[{"@type":"SearchAction","target":{"@type":"EntryPoint","urlTemplate":"https:\/\/www.taccaravaning.com\/?s={search_term_string}"},"query-input":"required name=search_term_string"}],"inLanguage":"es"}]}},"_links":{"self":[{"href":"https:\/\/www.taccaravaning.com\/es\/wp-json\/wp\/v2\/pages\/602"}],"collection":[{"href":"https:\/\/www.taccaravaning.com\/es\/wp-json\/wp\/v2\/pages"}],"about":[{"href":"https:\/\/www.taccaravaning.com\/es\/wp-json\/wp\/v2\/types\/page"}],"author":[{"embeddable":true,"href":"https:\/\/www.taccaravaning.com\/es\/wp-json\/wp\/v2\/users\/1"}],"replies":[{"embeddable":true,"href":"https:\/\/www.taccaravaning.com\/es\/wp-json\/wp\/v2\/comments?post=602"}],"version-history":[{"count":29,"href":"https:\/\/www.taccaravaning.com\/es\/wp-json\/wp\/v2\/pages\/602\/revisions"}],"predecessor-version":[{"id":1073,"href":"https:\/\/www.taccaravaning.com\/es\/wp-json\/wp\/v2\/pages\/602\/revisions\/1073"}],"wp:attachment":[{"href":"https:\/\/www.taccaravaning.com\/es\/wp-json\/wp\/v2\/media?parent=602"}],"curies":[{"name":"wp","href":"https:\/\/api.w.org\/{rel}","templated":true}]}}